{"id":177,"date":"2020-01-12T20:52:40","date_gmt":"2020-01-12T18:52:40","guid":{"rendered":"http:\/\/aradfreetours.com\/?page_id=177"},"modified":"2026-03-25T20:34:00","modified_gmt":"2026-03-25T18:34:00","slug":"booking","status":"publish","type":"page","link":"https:\/\/aradfreetours.com\/ro\/booking\/","title":{"rendered":"Booking"},"content":{"rendered":"<div data-elementor-type=\"wp-page\" data-elementor-id=\"177\" class=\"elementor elementor-177\">\n\t\t\t\t\t\t<section class=\"elementor-section elementor-top-section elementor-element elementor-element-7bff9429 elementor-section-boxed elementor-section-height-default elementor-section-height-default\" data-id=\"7bff9429\" data-element_type=\"section\" data-e-type=\"section\">\n\t\t\t\t\t\t<div class=\"elementor-container elementor-column-gap-default\">\n\t\t\t\t\t<div class=\"elementor-column elementor-col-100 elementor-top-column elementor-element elementor-element-26a39e51\" data-id=\"26a39e51\" data-element_type=\"column\" data-e-type=\"column\">\n\t\t\t<div class=\"elementor-widget-wrap elementor-element-populated\">\n\t\t\t\t\t\t<div class=\"elementor-element elementor-element-7b0a1771 elementor-widget elementor-widget-spacer\" data-id=\"7b0a1771\" data-element_type=\"widget\" data-e-type=\"widget\" data-widget_type=\"spacer.default\">\n\t\t\t\t<div class=\"elementor-widget-container\">\n\t\t\t\t\t\t\t<div class=\"elementor-spacer\">\n\t\t\t<div class=\"elementor-spacer-inner\"><\/div>\n\t\t<\/div>\n\t\t\t\t\t\t<\/div>\n\t\t\t\t<\/div>\n\t\t\t\t\t<\/div>\n\t\t<\/div>\n\t\t\t\t\t<\/div>\n\t\t<\/section>\n\t\t\t\t<section class=\"elementor-section elementor-top-section elementor-element elementor-element-01bbd33 elementor-section-boxed elementor-section-height-default elementor-section-height-default\" data-id=\"01bbd33\" data-element_type=\"section\" data-e-type=\"section\">\n\t\t\t\t\t\t<div class=\"elementor-container elementor-column-gap-default\">\n\t\t\t\t\t\t<\/div>\n\t\t<\/section>\n\t\t\t\t<section class=\"elementor-section elementor-top-section elementor-element elementor-element-6dbb7da elementor-section-boxed elementor-section-height-default elementor-section-height-default\" data-id=\"6dbb7da\" data-element_type=\"section\" data-e-type=\"section\">\n\t\t\t\t\t\t<div class=\"elementor-container elementor-column-gap-default\">\n\t\t\t\t\t<div class=\"elementor-column elementor-col-50 elementor-top-column elementor-element elementor-element-18b536b\" data-id=\"18b536b\" data-element_type=\"column\" data-e-type=\"column\">\n\t\t\t<div class=\"elementor-widget-wrap elementor-element-populated\">\n\t\t\t\t\t\t<div class=\"elementor-element elementor-element-ecd14f3 elementor-widget elementor-widget-shortcode\" data-id=\"ecd14f3\" data-element_type=\"widget\" data-e-type=\"widget\" data-widget_type=\"shortcode.default\">\n\t\t\t\t<div class=\"elementor-widget-container\">\n\t\t\t\t\t\t\t<div class=\"elementor-shortcode\"><iframe src=\"https:\/\/docs.google.com\/forms\/d\/e\/1FAIpQLSc0gfMcQaFcus11EXKZMvdhwYL3QzjdSJ6zkHcyBXJtds0DEg\/viewform?embedded=true\" width=\"640\" height=\"12151\" frameborder=\"0\" marginheight=\"0\" marginwidth=\"0\">Se \u00eencarc\u0103\u2026<\/iframe><\/div>\n\t\t\t\t\t\t<\/div>\n\t\t\t\t<\/div>\n\t\t\t\t\t<\/div>\n\t\t<\/div>\n\t\t\t\t<div class=\"elementor-column elementor-col-50 elementor-top-column elementor-element elementor-element-141f59c\" data-id=\"141f59c\" data-element_type=\"column\" data-e-type=\"column\">\n\t\t\t<div class=\"elementor-widget-wrap elementor-element-populated\">\n\t\t\t\t\t\t<section class=\"elementor-section elementor-inner-section elementor-element elementor-element-3b0886b elementor-hidden-tablet elementor-hidden-phone elementor-section-boxed elementor-section-height-default elementor-section-height-default\" data-id=\"3b0886b\" data-element_type=\"section\" data-e-type=\"section\">\n\t\t\t\t\t\t<div class=\"elementor-container elementor-column-gap-default\">\n\t\t\t\t\t<div class=\"elementor-column elementor-col-100 elementor-inner-column elementor-element elementor-element-0ccb623\" data-id=\"0ccb623\" data-element_type=\"column\" data-e-type=\"column\">\n\t\t\t<div class=\"elementor-widget-wrap elementor-element-populated\">\n\t\t\t\t\t\t<div class=\"elementor-element elementor-element-957d2af elementor-widget elementor-widget-image\" data-id=\"957d2af\" data-element_type=\"widget\" data-e-type=\"widget\" data-widget_type=\"image.default\">\n\t\t\t\t<div class=\"elementor-widget-container\">\n\t\t\t\t\t\t\t\t\t\t\t\t\t\t\t<img fetchpriority=\"high\" decoding=\"async\" width=\"525\" height=\"394\" src=\"https:\/\/i0.wp.com\/aradfreetours.com\/wp-content\/uploads\/2024\/01\/WhatsApp-Image-2023-12-19-at-17.59.59.jpeg?fit=525%2C394&amp;ssl=1\" class=\"attachment-large size-large wp-image-885\" alt=\"\" srcset=\"https:\/\/i0.wp.com\/aradfreetours.com\/wp-content\/uploads\/2024\/01\/WhatsApp-Image-2023-12-19-at-17.59.59.jpeg?w=2048&amp;ssl=1 2048w, https:\/\/i0.wp.com\/aradfreetours.com\/wp-content\/uploads\/2024\/01\/WhatsApp-Image-2023-12-19-at-17.59.59.jpeg?resize=300%2C225&amp;ssl=1 300w, https:\/\/i0.wp.com\/aradfreetours.com\/wp-content\/uploads\/2024\/01\/WhatsApp-Image-2023-12-19-at-17.59.59.jpeg?resize=1024%2C768&amp;ssl=1 1024w, https:\/\/i0.wp.com\/aradfreetours.com\/wp-content\/uploads\/2024\/01\/WhatsApp-Image-2023-12-19-at-17.59.59.jpeg?resize=768%2C576&amp;ssl=1 768w, https:\/\/i0.wp.com\/aradfreetours.com\/wp-content\/uploads\/2024\/01\/WhatsApp-Image-2023-12-19-at-17.59.59.jpeg?resize=1536%2C1152&amp;ssl=1 1536w, https:\/\/i0.wp.com\/aradfreetours.com\/wp-content\/uploads\/2024\/01\/WhatsApp-Image-2023-12-19-at-17.59.59.jpeg?resize=16%2C12&amp;ssl=1 16w\" sizes=\"100vw\" \/>\t\t\t\t\t\t\t\t\t\t\t\t\t\t\t<\/div>\n\t\t\t\t<\/div>\n\t\t\t\t<div class=\"elementor-element elementor-element-310b440 elementor-widget elementor-widget-image\" data-id=\"310b440\" data-element_type=\"widget\" data-e-type=\"widget\" data-widget_type=\"image.default\">\n\t\t\t\t<div class=\"elementor-widget-container\">\n\t\t\t\t\t\t\t\t\t\t\t\t\t\t\t<img decoding=\"async\" width=\"525\" height=\"394\" src=\"https:\/\/i0.wp.com\/aradfreetours.com\/wp-content\/uploads\/2024\/01\/WhatsApp-Image-2023-12-11-at-11.38.55.jpeg?fit=525%2C394&amp;ssl=1\" class=\"attachment-large size-large wp-image-886\" alt=\"\" srcset=\"https:\/\/i0.wp.com\/aradfreetours.com\/wp-content\/uploads\/2024\/01\/WhatsApp-Image-2023-12-11-at-11.38.55.jpeg?w=2048&amp;ssl=1 2048w, https:\/\/i0.wp.com\/aradfreetours.com\/wp-content\/uploads\/2024\/01\/WhatsApp-Image-2023-12-11-at-11.38.55.jpeg?resize=300%2C225&amp;ssl=1 300w, https:\/\/i0.wp.com\/aradfreetours.com\/wp-content\/uploads\/2024\/01\/WhatsApp-Image-2023-12-11-at-11.38.55.jpeg?resize=1024%2C768&amp;ssl=1 1024w, https:\/\/i0.wp.com\/aradfreetours.com\/wp-content\/uploads\/2024\/01\/WhatsApp-Image-2023-12-11-at-11.38.55.jpeg?resize=768%2C576&amp;ssl=1 768w, https:\/\/i0.wp.com\/aradfreetours.com\/wp-content\/uploads\/2024\/01\/WhatsApp-Image-2023-12-11-at-11.38.55.jpeg?resize=1536%2C1152&amp;ssl=1 1536w, https:\/\/i0.wp.com\/aradfreetours.com\/wp-content\/uploads\/2024\/01\/WhatsApp-Image-2023-12-11-at-11.38.55.jpeg?resize=16%2C12&amp;ssl=1 16w\" sizes=\"100vw\" \/>\t\t\t\t\t\t\t\t\t\t\t\t\t\t\t<\/div>\n\t\t\t\t<\/div>\n\t\t\t\t\t<\/div>\n\t\t<\/div>\n\t\t\t\t\t<\/div>\n\t\t<\/section>\n\t\t\t\t<div class=\"elementor-element elementor-element-129a492 elementor-widget elementor-widget-image\" data-id=\"129a492\" data-element_type=\"widget\" data-e-type=\"widget\" data-widget_type=\"image.default\">\n\t\t\t\t<div class=\"elementor-widget-container\">\n\t\t\t\t\t\t\t\t\t\t\t\t\t\t\t<img decoding=\"async\" width=\"525\" height=\"394\" src=\"https:\/\/i0.wp.com\/aradfreetours.com\/wp-content\/uploads\/2024\/01\/WhatsApp-Image-2023-12-19-at-18.00.48.jpeg?fit=525%2C394&amp;ssl=1\" class=\"attachment-large size-large wp-image-888\" alt=\"\" srcset=\"https:\/\/i0.wp.com\/aradfreetours.com\/wp-content\/uploads\/2024\/01\/WhatsApp-Image-2023-12-19-at-18.00.48.jpeg?w=2048&amp;ssl=1 2048w, https:\/\/i0.wp.com\/aradfreetours.com\/wp-content\/uploads\/2024\/01\/WhatsApp-Image-2023-12-19-at-18.00.48.jpeg?resize=300%2C225&amp;ssl=1 300w, https:\/\/i0.wp.com\/aradfreetours.com\/wp-content\/uploads\/2024\/01\/WhatsApp-Image-2023-12-19-at-18.00.48.jpeg?resize=1024%2C768&amp;ssl=1 1024w, https:\/\/i0.wp.com\/aradfreetours.com\/wp-content\/uploads\/2024\/01\/WhatsApp-Image-2023-12-19-at-18.00.48.jpeg?resize=768%2C576&amp;ssl=1 768w, https:\/\/i0.wp.com\/aradfreetours.com\/wp-content\/uploads\/2024\/01\/WhatsApp-Image-2023-12-19-at-18.00.48.jpeg?resize=1536%2C1152&amp;ssl=1 1536w, https:\/\/i0.wp.com\/aradfreetours.com\/wp-content\/uploads\/2024\/01\/WhatsApp-Image-2023-12-19-at-18.00.48.jpeg?resize=16%2C12&amp;ssl=1 16w\" sizes=\"100vw\" \/>\t\t\t\t\t\t\t\t\t\t\t\t\t\t\t<\/div>\n\t\t\t\t<\/div>\n\t\t\t\t<div class=\"elementor-element elementor-element-852c7cb elementor-widget elementor-widget-text-editor\" data-id=\"852c7cb\" data-element_type=\"widget\" data-e-type=\"widget\" data-widget_type=\"text-editor.default\">\n\t\t\t\t<div class=\"elementor-widget-container\">\n\t\t\t\t\t\t\t\t\t<p data-start=\"99\" data-end=\"122\"><strong data-start=\"99\" data-end=\"122\">GDPR Consent Notice<\/strong><\/p><p data-start=\"124\" data-end=\"429\">By providing your personal data (name, email address, and phone number), you agree that <strong data-start=\"212\" data-end=\"243\">Asocia\u0163ia Turism Alternativ<\/strong>, located at Ulmului 17, Arad, Romania (C.I.F.: 35095747), may collect and use this information to send you updates about our projects, marketing campaigns, and crowdfunding initiatives.<\/p><p data-start=\"431\" data-end=\"603\">Your data will be stored securely and will not be shared with third parties. You can withdraw your consent at any time by contacting us via email &#8211; turismalternativ@gmail.com.<\/p><p data-start=\"431\" data-end=\"603\">***<\/p><p data-start=\"85\" data-end=\"127\"><strong data-start=\"85\" data-end=\"127\">Notificare privind consim\u021b\u0103m\u00e2ntul GDPR<\/strong><\/p><p data-start=\"129\" data-end=\"502\">Prin furnizarea datelor dumneavoastr\u0103 personale (nume, adres\u0103 de e-mail \u0219i num\u0103r de telefon), sunte\u021bi de acord ca <strong data-start=\"243\" data-end=\"274\">Asocia\u0163ia Turism Alternativ<\/strong>, cu sediul \u00een str. Ulmului nr. 17, Arad, Rom\u00e2nia (C.I.F.: 35095747), s\u0103 colecteze \u0219i s\u0103 utilizeze aceste informa\u021bii pentru a v\u0103 trimite actualiz\u0103ri despre proiectele noastre, campanii de marketing \u0219i ini\u021biative de crowdfunding.<\/p><p data-start=\"504\" data-end=\"690\">Datele dumneavoastr\u0103 vor fi stocate \u00een siguran\u021b\u0103 \u0219i nu vor fi partajate cu ter\u021bi. V\u0103 pute\u021bi retrage consim\u021b\u0103m\u00e2ntul \u00een orice moment, contact\u00e2ndu-ne prin e-mail &#8211; turismalternativ@gmail.com.<\/p>\t\t\t\t\t\t\t\t<\/div>\n\t\t\t\t<\/div>\n\t\t\t\t\t<\/div>\n\t\t<\/div>\n\t\t\t\t\t<\/div>\n\t\t<\/section>\n\t\t\t\t<section class=\"elementor-section elementor-top-section elementor-element elementor-element-4130c97 elementor-section-boxed elementor-section-height-default elementor-section-height-default\" data-id=\"4130c97\" data-element_type=\"section\" data-e-type=\"section\">\n\t\t\t\t\t\t<div class=\"elementor-container elementor-column-gap-default\">\n\t\t\t\t\t<div class=\"elementor-column elementor-col-100 elementor-top-column elementor-element elementor-element-30724b5\" data-id=\"30724b5\" data-element_type=\"column\" data-e-type=\"column\">\n\t\t\t<div class=\"elementor-widget-wrap elementor-element-populated\">\n\t\t\t\t\t\t<div class=\"elementor-element elementor-element-045490e elementor-widget elementor-widget-elementskit-client-logo\" data-id=\"045490e\" data-element_type=\"widget\" data-e-type=\"widget\" data-widget_type=\"elementskit-client-logo.default\">\n\t\t\t\t<div class=\"elementor-widget-container\">\n\t\t\t\t\t<div class=\"ekit-wid-con\" >\t\t<div class=\"elementskit-clients-slider  simple_logo_image\" data-config=\"{&quot;rtl&quot;:false,&quot;arrows&quot;:false,&quot;dots&quot;:false,&quot;autoplay&quot;:true,&quot;speed&quot;:1000,&quot;slidesPerView&quot;:4,&quot;slidesPerGroup&quot;:1,&quot;pauseOnHover&quot;:true,&quot;loop&quot;:false,&quot;breakpoints&quot;:{&quot;320&quot;:{&quot;slidesPerView&quot;:1,&quot;slidesPerGroup&quot;:1,&quot;spaceBetween&quot;:10},&quot;768&quot;:{&quot;slidesPerView&quot;:2,&quot;slidesPerGroup&quot;:1,&quot;spaceBetween&quot;:10},&quot;1024&quot;:{&quot;slidesPerView&quot;:4,&quot;slidesPerGroup&quot;:1,&quot;spaceBetween&quot;:15}}}\" data-direction=\"\">\n\t\t\t<div class=\"ekit-main-swiper swiper\">\n\t\t\t\t<div class=\"swiper-wrapper\">\n\t\t\t\t\t\t\t\t\t\t\t<div class=\"elementskit-client-slider-item swiper-slide\">\n\t\t\t\t\t\t\t<div class=\"swiper-slide-inner\">\n\t\t\t\t\t\t\t\t<div class=\"single-client image-switcher\" title=\"Title #1\">\n\t\t\t\t\t\t\t\t\t\t\t\t\t\t\t\t\t\t\t<a href=\"https:\/\/gbapartments.ro\" target=\"_blank\">\n\t\t\t\t\t\t\t\t\t\t\t<span class=\"content-image\">\n\t\t\t\t\t\t\t\t\t\t\t\t<img data-recalc-dims=\"1\" loading=\"lazy\" decoding=\"async\" width=\"250\" height=\"150\" src=\"https:\/\/i0.wp.com\/aradfreetours.com\/wp-content\/uploads\/2020\/01\/GBapartmentssmall.jpg?resize=250%2C150&#038;ssl=1\" class=\"\" alt=\"\" sizes=\"100vw\" \/>\t\t\t\t\t\t\t\t\t\t\t<\/span>\n\t\t\t\t\t\t\t\t\t\t<\/a>\n\t\t\t\t\t\t\t\t\t\t\t\t\t\t\t\t\t<\/div>\n\t\t\t\t\t\t\t<\/div>\n\t\t\t\t\t\t<\/div>\n\t\t\t\t\t\t\t\t\t\t\t<div class=\"elementskit-client-slider-item swiper-slide\">\n\t\t\t\t\t\t\t<div class=\"swiper-slide-inner\">\n\t\t\t\t\t\t\t\t<div class=\"single-client image-switcher\" title=\"Title #2\">\n\t\t\t\t\t\t\t\t\t\t\t\t\t\t\t\t\t\t\t<a href=\"https:\/\/finprom.ro\/\" target=\"_blank\">\n\t\t\t\t\t\t\t\t\t\t\t<span class=\"content-image\">\n\t\t\t\t\t\t\t\t\t\t\t\t<img data-recalc-dims=\"1\" loading=\"lazy\" decoding=\"async\" width=\"250\" height=\"150\" src=\"https:\/\/i0.wp.com\/aradfreetours.com\/wp-content\/uploads\/2020\/01\/finprom.jpg?resize=250%2C150&#038;ssl=1\" class=\"\" alt=\"\" sizes=\"100vw\" \/>\t\t\t\t\t\t\t\t\t\t\t<\/span>\n\t\t\t\t\t\t\t\t\t\t<\/a>\n\t\t\t\t\t\t\t\t\t\t\t\t\t\t\t\t\t<\/div>\n\t\t\t\t\t\t\t<\/div>\n\t\t\t\t\t\t<\/div>\n\t\t\t\t\t\t\t\t\t\t\t<div class=\"elementskit-client-slider-item swiper-slide\">\n\t\t\t\t\t\t\t<div class=\"swiper-slide-inner\">\n\t\t\t\t\t\t\t\t<div class=\"single-client image-switcher\" title=\"Title #3\">\n\t\t\t\t\t\t\t\t\t\t\t\t\t\t\t\t\t\t\t<a href=\"https:\/\/ascentgroup.eu\/\" target=\"_blank\">\n\t\t\t\t\t\t\t\t\t\t\t<span class=\"content-image\">\n\t\t\t\t\t\t\t\t\t\t\t\t<img data-recalc-dims=\"1\" loading=\"lazy\" decoding=\"async\" width=\"250\" height=\"150\" src=\"https:\/\/i0.wp.com\/aradfreetours.com\/wp-content\/uploads\/2020\/01\/ascent.jpg?resize=250%2C150&#038;ssl=1\" class=\"\" alt=\"\" sizes=\"100vw\" \/>\t\t\t\t\t\t\t\t\t\t\t<\/span>\n\t\t\t\t\t\t\t\t\t\t<\/a>\n\t\t\t\t\t\t\t\t\t\t\t\t\t\t\t\t\t<\/div>\n\t\t\t\t\t\t\t<\/div>\n\t\t\t\t\t\t<\/div>\n\t\t\t\t\t\t\t\t\t\t\t<div class=\"elementskit-client-slider-item swiper-slide\">\n\t\t\t\t\t\t\t<div class=\"swiper-slide-inner\">\n\t\t\t\t\t\t\t\t<div class=\"single-client image-switcher\" title=\"Title #4\">\n\t\t\t\t\t\t\t\t\t\t\t\t\t\t\t\t\t\t\t<a href=\"https:\/\/promun.ro\/\" target=\"_blank\">\n\t\t\t\t\t\t\t\t\t\t\t<span class=\"content-image\">\n\t\t\t\t\t\t\t\t\t\t\t\t<img data-recalc-dims=\"1\" loading=\"lazy\" decoding=\"async\" width=\"250\" height=\"150\" src=\"https:\/\/i0.wp.com\/aradfreetours.com\/wp-content\/uploads\/2020\/01\/promun.jpg?resize=250%2C150&#038;ssl=1\" class=\"\" alt=\"\" sizes=\"100vw\" \/>\t\t\t\t\t\t\t\t\t\t\t<\/span>\n\t\t\t\t\t\t\t\t\t\t<\/a>\n\t\t\t\t\t\t\t\t\t\t\t\t\t\t\t\t\t<\/div>\n\t\t\t\t\t\t\t<\/div>\n\t\t\t\t\t\t<\/div>\n\t\t\t\t\t\t\t\t\t<\/div>\n\n\t\t\t\t\n\t\t\t\t\t\t\t<\/div><!-- .elementskit-clients-slider END -->\n\t\t<\/div>\n\t\t<\/div>\t\t\t\t<\/div>\n\t\t\t\t<\/div>\n\t\t\t\t\t<\/div>\n\t\t<\/div>\n\t\t\t\t\t<\/div>\n\t\t<\/section>\n\t\t\t\t<section class=\"elementor-section elementor-top-section elementor-element elementor-element-2ccf215 elementor-hidden-desktop elementor-section-boxed elementor-section-height-default elementor-section-height-default\" data-id=\"2ccf215\" data-element_type=\"section\" data-e-type=\"section\">\n\t\t\t\t\t\t<div class=\"elementor-container elementor-column-gap-default\">\n\t\t\t\t\t<div class=\"elementor-column elementor-col-16 elementor-top-column elementor-element elementor-element-980fa1b\" data-id=\"980fa1b\" data-element_type=\"column\" data-e-type=\"column\">\n\t\t\t<div class=\"elementor-widget-wrap elementor-element-populated\">\n\t\t\t\t\t\t<div class=\"elementor-element elementor-element-9726064 elementor-widget elementor-widget-image\" data-id=\"9726064\" data-element_type=\"widget\" data-e-type=\"widget\" data-widget_type=\"image.default\">\n\t\t\t\t<div class=\"elementor-widget-container\">\n\t\t\t\t\t\t\t\t\t\t\t\t\t\t\t\t<a href=\"https:\/\/gbapartments.ro\">\n\t\t\t\t\t\t\t<img data-recalc-dims=\"1\" decoding=\"async\" src=\"https:\/\/i0.wp.com\/aradfreetours.com\/wp-content\/uploads\/elementor\/thumbs\/GBapartmentssmall-ok3pqdzggzzgyjupiajsegggb5t7ley2pu125hzwn8.jpg?w=525&#038;ssl=1\" title=\"GBapartmentssmall\" alt=\"GBapartmentssmall\" loading=\"lazy\" \/>\t\t\t\t\t\t\t\t<\/a>\n\t\t\t\t\t\t\t\t\t\t\t\t\t\t\t<\/div>\n\t\t\t\t<\/div>\n\t\t\t\t\t<\/div>\n\t\t<\/div>\n\t\t\t\t<div class=\"elementor-column elementor-col-16 elementor-top-column elementor-element elementor-element-3212087\" data-id=\"3212087\" data-element_type=\"column\" data-e-type=\"column\">\n\t\t\t<div class=\"elementor-widget-wrap elementor-element-populated\">\n\t\t\t\t\t\t<div class=\"elementor-element elementor-element-7c9a43b elementor-widget elementor-widget-image\" data-id=\"7c9a43b\" data-element_type=\"widget\" data-e-type=\"widget\" data-widget_type=\"image.default\">\n\t\t\t\t<div class=\"elementor-widget-container\">\n\t\t\t\t\t\t\t\t\t\t\t\t\t\t\t\t<a href=\"https:\/\/finprom.ro\">\n\t\t\t\t\t\t\t<img data-recalc-dims=\"1\" decoding=\"async\" src=\"https:\/\/i0.wp.com\/aradfreetours.com\/wp-content\/uploads\/elementor\/thumbs\/finprom-ok3pqdzggzzgyjupiajsegggb5t7ley2pu125hzwn8.jpg?w=525&#038;ssl=1\" title=\"finprom\" alt=\"finprom\" loading=\"lazy\" \/>\t\t\t\t\t\t\t\t<\/a>\n\t\t\t\t\t\t\t\t\t\t\t\t\t\t\t<\/div>\n\t\t\t\t<\/div>\n\t\t\t\t\t<\/div>\n\t\t<\/div>\n\t\t\t\t<div class=\"elementor-column elementor-col-16 elementor-top-column elementor-element elementor-element-ecd7f74\" data-id=\"ecd7f74\" data-element_type=\"column\" data-e-type=\"column\">\n\t\t\t<div class=\"elementor-widget-wrap elementor-element-populated\">\n\t\t\t\t\t\t<div class=\"elementor-element elementor-element-b3663c4 elementor-widget elementor-widget-image\" data-id=\"b3663c4\" data-element_type=\"widget\" data-e-type=\"widget\" data-widget_type=\"image.default\">\n\t\t\t\t<div class=\"elementor-widget-container\">\n\t\t\t\t\t\t\t\t\t\t\t\t\t\t\t\t<a href=\"https:\/\/ascentgroup.eu\">\n\t\t\t\t\t\t\t<img data-recalc-dims=\"1\" decoding=\"async\" src=\"https:\/\/i0.wp.com\/aradfreetours.com\/wp-content\/uploads\/elementor\/thumbs\/ascent-ok3pqdzggzzgyjupiajsegggb5t7ley2pu125hzwn8.jpg?w=525&#038;ssl=1\" title=\"ascent\" alt=\"ascent\" loading=\"lazy\" \/>\t\t\t\t\t\t\t\t<\/a>\n\t\t\t\t\t\t\t\t\t\t\t\t\t\t\t<\/div>\n\t\t\t\t<\/div>\n\t\t\t\t\t<\/div>\n\t\t<\/div>\n\t\t\t\t<div class=\"elementor-column elementor-col-16 elementor-top-column elementor-element elementor-element-85a085b\" data-id=\"85a085b\" data-element_type=\"column\" data-e-type=\"column\">\n\t\t\t<div class=\"elementor-widget-wrap elementor-element-populated\">\n\t\t\t\t\t\t<div class=\"elementor-element elementor-element-cb6abff elementor-widget elementor-widget-image\" data-id=\"cb6abff\" data-element_type=\"widget\" data-e-type=\"widget\" data-widget_type=\"image.default\">\n\t\t\t\t<div class=\"elementor-widget-container\">\n\t\t\t\t\t\t\t\t\t\t\t\t\t\t\t\t<a href=\"https:\/\/promun.ro\">\n\t\t\t\t\t\t\t<img data-recalc-dims=\"1\" decoding=\"async\" src=\"https:\/\/i0.wp.com\/aradfreetours.com\/wp-content\/uploads\/elementor\/thumbs\/promun-ok3pqdzggzzgyjupiajsegggb5t7ley2pu125hzwn8.jpg?w=525&#038;ssl=1\" title=\"promun\" alt=\"promun\" loading=\"lazy\" \/>\t\t\t\t\t\t\t\t<\/a>\n\t\t\t\t\t\t\t\t\t\t\t\t\t\t\t<\/div>\n\t\t\t\t<\/div>\n\t\t\t\t\t<\/div>\n\t\t<\/div>\n\t\t\t\t<div class=\"elementor-column elementor-col-16 elementor-top-column elementor-element elementor-element-2c0970c\" data-id=\"2c0970c\" data-element_type=\"column\" data-e-type=\"column\">\n\t\t\t<div class=\"elementor-widget-wrap elementor-element-populated\">\n\t\t\t\t\t\t<div class=\"elementor-element elementor-element-627b430 elementor-widget elementor-widget-image\" data-id=\"627b430\" data-element_type=\"widget\" data-e-type=\"widget\" data-widget_type=\"image.default\">\n\t\t\t\t<div class=\"elementor-widget-container\">\n\t\t\t\t\t\t\t\t\t\t\t\t\t\t\t\t<a href=\"https:\/\/museumarad.ro\">\n\t\t\t\t\t\t\t<img data-recalc-dims=\"1\" decoding=\"async\" src=\"https:\/\/i0.wp.com\/aradfreetours.com\/wp-content\/uploads\/elementor\/thumbs\/CMArad-ok3pqdzggzzgyjupiajsegggb5t7ley2pu125hzwn8.jpg?w=525&#038;ssl=1\" title=\"CMArad\" alt=\"CMArad\" loading=\"lazy\" \/>\t\t\t\t\t\t\t\t<\/a>\n\t\t\t\t\t\t\t\t\t\t\t\t\t\t\t<\/div>\n\t\t\t\t<\/div>\n\t\t\t\t\t<\/div>\n\t\t<\/div>\n\t\t\t\t<div class=\"elementor-column elementor-col-16 elementor-top-column elementor-element elementor-element-e43d155\" data-id=\"e43d155\" data-element_type=\"column\" data-e-type=\"column\">\n\t\t\t<div class=\"elementor-widget-wrap elementor-element-populated\">\n\t\t\t\t\t\t<div class=\"elementor-element elementor-element-fe5ed8f elementor-widget elementor-widget-image\" data-id=\"fe5ed8f\" data-element_type=\"widget\" data-e-type=\"widget\" data-widget_type=\"image.default\">\n\t\t\t\t<div class=\"elementor-widget-container\">\n\t\t\t\t\t\t\t\t\t\t\t\t\t\t\t\t<a href=\"https:\/\/retroit.ro\">\n\t\t\t\t\t\t\t<img data-recalc-dims=\"1\" decoding=\"async\" src=\"https:\/\/i0.wp.com\/aradfreetours.com\/wp-content\/uploads\/elementor\/thumbs\/RetroIT-ok3pqdzggzzgyjupiajsegggb5t7ley2pu125hzwn8.jpg?w=525&#038;ssl=1\" title=\"RetroIT\" alt=\"RetroIT\" loading=\"lazy\" \/>\t\t\t\t\t\t\t\t<\/a>\n\t\t\t\t\t\t\t\t\t\t\t\t\t\t\t<\/div>\n\t\t\t\t<\/div>\n\t\t\t\t\t<\/div>\n\t\t<\/div>\n\t\t\t\t\t<\/div>\n\t\t<\/section>\n\t\t\t\t<\/div>","protected":false},"excerpt":{"rendered":"<p>Se \u00eencarc\u0103\u2026 GDPR Consent Notice By providing your personal data (name, email address, and phone number), you agree that Asocia\u0163ia Turism Alternativ, located at Ulmului 17, Arad, Romania (C.I.F.: 35095747), may collect and use this information to send you updates about our projects, marketing campaigns, and crowdfunding initiatives. Your data will be stored securely and &hellip; <\/p>\n<p class=\"link-more\"><a href=\"https:\/\/aradfreetours.com\/ro\/booking\/\" class=\"more-link\">Continu\u0103 lectura<span class=\"screen-reader-text\"> \u201eBooking\u201d<\/span><\/a><\/p>","protected":false},"author":1,"featured_media":0,"parent":0,"menu_order":0,"comment_status":"closed","ping_status":"closed","template":"elementor_canvas","meta":{"nf_dc_page":"","footnotes":""},"class_list":["post-177","page","type-page","status-publish","hentry"],"aioseo_notices":[],"jetpack_sharing_enabled":true,"_links":{"self":[{"href":"https:\/\/aradfreetours.com\/ro\/wp-json\/wp\/v2\/pages\/177","targetHints":{"allow":["GET"]}}],"collection":[{"href":"https:\/\/aradfreetours.com\/ro\/wp-json\/wp\/v2\/pages"}],"about":[{"href":"https:\/\/aradfreetours.com\/ro\/wp-json\/wp\/v2\/types\/page"}],"author":[{"embeddable":true,"href":"https:\/\/aradfreetours.com\/ro\/wp-json\/wp\/v2\/users\/1"}],"replies":[{"embeddable":true,"href":"https:\/\/aradfreetours.com\/ro\/wp-json\/wp\/v2\/comments?post=177"}],"version-history":[{"count":5,"href":"https:\/\/aradfreetours.com\/ro\/wp-json\/wp\/v2\/pages\/177\/revisions"}],"predecessor-version":[{"id":1073,"href":"https:\/\/aradfreetours.com\/ro\/wp-json\/wp\/v2\/pages\/177\/revisions\/1073"}],"wp:attachment":[{"href":"https:\/\/aradfreetours.com\/ro\/wp-json\/wp\/v2\/media?parent=177"}],"curies":[{"name":"wp","href":"https:\/\/api.w.org\/{rel}","templated":true}]}}